{"id":11508,"date":"2022-12-06T16:52:34","date_gmt":"2022-12-06T15:52:34","guid":{"rendered":"https:\/\/puspokanita.art\/termek\/spiritual-space-2022\/"},"modified":"2023-01-01T00:00:12","modified_gmt":"2022-12-31T23:00:12","slug":"spiritual-space-2022","status":"publish","type":"product","link":"https:\/\/puspokanita.art\/en\/festmeny\/spiritual-space-2022\/","title":{"rendered":"Spiritual Space (2022)"},"content":{"rendered":"<p>Encaustic oil, mixed media, canvas. Size: 50&#215;50 cm.<\/p>\n<p><a href=\"https:\/\/puspokanita.art\/wp-content\/uploads\/2022\/12\/Spiritual-space_interior_2-scaled.jpg\"><img fetchpriority=\"high\" decoding=\"async\" class=\"alignnone wp-image-11162\" src=\"https:\/\/puspokanita.art\/wp-content\/uploads\/2022\/12\/Spiritual-space_interior_2-scaled.jpg\" alt=\"\" width=\"280\" height=\"358\" srcset=\"https:\/\/puspokanita.art\/wp-content\/uploads\/2022\/12\/Spiritual-space_interior_2-scaled.jpg 2001w, https:\/\/puspokanita.art\/wp-content\/uploads\/2022\/12\/Spiritual-space_interior_2-234x300.jpg 234w, https:\/\/puspokanita.art\/wp-content\/uploads\/2022\/12\/Spiritual-space_interior_2-800x1023.jpg 800w, https:\/\/puspokanita.art\/wp-content\/uploads\/2022\/12\/Spiritual-space_interior_2-768x983.jpg 768w, https:\/\/puspokanita.art\/wp-content\/uploads\/2022\/12\/Spiritual-space_interior_2-1201x1536.jpg 1201w, https:\/\/puspokanita.art\/wp-content\/uploads\/2022\/12\/Spiritual-space_interior_2-1601x2048.jpg 1601w, https:\/\/puspokanita.art\/wp-content\/uploads\/2022\/12\/Spiritual-space_interior_2-1400x1791.jpg 1400w, https:\/\/puspokanita.art\/wp-content\/uploads\/2022\/12\/Spiritual-space_interior_2-600x768.jpg 600w\" sizes=\"(max-width: 280px) 100vw, 280px\" \/><\/a><\/p>\n","protected":false},"excerpt":{"rendered":"<p>50&#215;50 cm<\/p>\n","protected":false},"featured_media":11164,"template":"","meta":{"_coblocks_attr":"","_coblocks_dimensions":"","_coblocks_responsive_height":"","_coblocks_accordion_ie_support":""},"product_cat":[42],"product_tag":[],"class_list":{"0":"post-11508","1":"product","2":"type-product","3":"status-publish","4":"has-post-thumbnail","6":"product_cat-festmenyek","8":"first","9":"instock","10":"sold-individually","11":"shipping-taxable","12":"purchasable","13":"product-type-simple"},"yoast_head":"<!-- This site is optimized with the Yoast SEO plugin v17.9 - https:\/\/yoast.com\/wordpress\/plugins\/seo\/ -->\n<title>Spiritual Space (2022) - P\u00fcsp\u00f6k Anita fest\u0151m\u0171v\u00e9sz<\/title>\n<meta name=\"robots\" content=\"index, follow, max-snippet:-1, max-image-preview:large, max-video-preview:-1\" \/>\n<link rel=\"canonical\" href=\"https:\/\/puspokanita.art\/en\/festmeny\/spiritual-space-2022\/\" \/>\n<meta property=\"og:locale\" content=\"en_US\" \/>\n<meta property=\"og:type\" content=\"article\" \/>\n<meta property=\"og:title\" content=\"Spiritual Space (2022) - P\u00fcsp\u00f6k Anita fest\u0151m\u0171v\u00e9sz\" \/>\n<meta property=\"og:description\" content=\"50x50 cm\" \/>\n<meta property=\"og:url\" content=\"https:\/\/puspokanita.art\/en\/festmeny\/spiritual-space-2022\/\" \/>\n<meta property=\"og:site_name\" content=\"P\u00fcsp\u00f6k Anita fest\u0151m\u0171v\u00e9sz\" \/>\n<meta property=\"article:publisher\" content=\"https:\/\/www.facebook.com\/anitapuspokartist\/\" \/>\n<meta property=\"article:modified_time\" content=\"2022-12-31T23:00:12+00:00\" \/>\n<meta property=\"og:image\" content=\"https:\/\/puspokanita.art\/wp-content\/uploads\/2022\/12\/Spiritual-space_mixed-media_-encausticoil_50x50cm_2022-scaled.jpg\" \/>\n\t<meta property=\"og:image:width\" content=\"2560\" \/>\n\t<meta property=\"og:image:height\" content=\"2550\" \/>\n\t<meta property=\"og:image:type\" content=\"image\/jpeg\" \/>\n<meta name=\"twitter:card\" content=\"summary_large_image\" \/>\n<script type=\"application\/ld+json\" class=\"yoast-schema-graph\">{\"@context\":\"https:\/\/schema.org\",\"@graph\":[{\"@type\":\"WebSite\",\"@id\":\"https:\/\/puspokanita.art\/#website\",\"url\":\"https:\/\/puspokanita.art\/\",\"name\":\"P\\u00fcsp\\u00f6k Anita fest\\u0151m\\u0171v\\u00e9sz\",\"description\":\"P\\u00fcsp\\u00f6k Anita kort\\u00e1rs absztrakt festm\\u00e9nyek\",\"potentialAction\":[{\"@type\":\"SearchAction\",\"target\":{\"@type\":\"EntryPoint\",\"urlTemplate\":\"https:\/\/puspokanita.art\/?s={search_term_string}\"},\"query-input\":\"required name=search_term_string\"}],\"inLanguage\":\"en-US\"},{\"@type\":\"ImageObject\",\"@id\":\"https:\/\/puspokanita.art\/en\/festmeny\/spiritual-space-2022\/#primaryimage\",\"inLanguage\":\"en-US\",\"url\":\"https:\/\/puspokanita.art\/wp-content\/uploads\/2022\/12\/Spiritual-space_mixed-media_-encausticoil_50x50cm_2022-scaled.jpg\",\"contentUrl\":\"https:\/\/puspokanita.art\/wp-content\/uploads\/2022\/12\/Spiritual-space_mixed-media_-encausticoil_50x50cm_2022-scaled.jpg\",\"width\":2560,\"height\":2550,\"caption\":\"Spiritual Space (2022)\"},{\"@type\":\"WebPage\",\"@id\":\"https:\/\/puspokanita.art\/en\/festmeny\/spiritual-space-2022\/#webpage\",\"url\":\"https:\/\/puspokanita.art\/en\/festmeny\/spiritual-space-2022\/\",\"name\":\"Spiritual Space (2022) - P\\u00fcsp\\u00f6k Anita fest\\u0151m\\u0171v\\u00e9sz\",\"isPartOf\":{\"@id\":\"https:\/\/puspokanita.art\/#website\"},\"primaryImageOfPage\":{\"@id\":\"https:\/\/puspokanita.art\/en\/festmeny\/spiritual-space-2022\/#primaryimage\"},\"datePublished\":\"2022-12-06T15:52:34+00:00\",\"dateModified\":\"2022-12-31T23:00:12+00:00\",\"breadcrumb\":{\"@id\":\"https:\/\/puspokanita.art\/en\/festmeny\/spiritual-space-2022\/#breadcrumb\"},\"inLanguage\":\"en-US\",\"potentialAction\":[{\"@type\":\"ReadAction\",\"target\":[\"https:\/\/puspokanita.art\/en\/festmeny\/spiritual-space-2022\/\"]}]},{\"@type\":\"BreadcrumbList\",\"@id\":\"https:\/\/puspokanita.art\/en\/festmeny\/spiritual-space-2022\/#breadcrumb\",\"itemListElement\":[{\"@type\":\"ListItem\",\"position\":1,\"name\":\"Kezd\\u0151lap\",\"item\":\"https:\/\/puspokanita.art\/\"},{\"@type\":\"ListItem\",\"position\":2,\"name\":\"Festm\\u00e9ny Web\\u00e1ruh\\u00e1z\",\"item\":\"https:\/\/puspokanita.art\/festmeny-webaruhaz\/\"},{\"@type\":\"ListItem\",\"position\":3,\"name\":\"Spiritual Space (2022)\"}]}]}<\/script>\n<!-- \/ Yoast SEO plugin. -->","yoast_head_json":{"title":"Spiritual Space (2022) - P\u00fcsp\u00f6k Anita fest\u0151m\u0171v\u00e9sz","robots":{"index":"index","follow":"follow","max-snippet":"max-snippet:-1","max-image-preview":"max-image-preview:large","max-video-preview":"max-video-preview:-1"},"canonical":"https:\/\/puspokanita.art\/en\/festmeny\/spiritual-space-2022\/","og_locale":"en_US","og_type":"article","og_title":"Spiritual Space (2022) - P\u00fcsp\u00f6k Anita fest\u0151m\u0171v\u00e9sz","og_description":"50x50 cm","og_url":"https:\/\/puspokanita.art\/en\/festmeny\/spiritual-space-2022\/","og_site_name":"P\u00fcsp\u00f6k Anita fest\u0151m\u0171v\u00e9sz","article_publisher":"https:\/\/www.facebook.com\/anitapuspokartist\/","article_modified_time":"2022-12-31T23:00:12+00:00","og_image":[{"width":2560,"height":2550,"url":"https:\/\/puspokanita.art\/wp-content\/uploads\/2022\/12\/Spiritual-space_mixed-media_-encausticoil_50x50cm_2022-scaled.jpg","type":"image\/jpeg"}],"twitter_card":"summary_large_image","schema":{"@context":"https:\/\/schema.org","@graph":[{"@type":"WebSite","@id":"https:\/\/puspokanita.art\/#website","url":"https:\/\/puspokanita.art\/","name":"P\u00fcsp\u00f6k Anita fest\u0151m\u0171v\u00e9sz","description":"P\u00fcsp\u00f6k Anita kort\u00e1rs absztrakt festm\u00e9nyek","potentialAction":[{"@type":"SearchAction","target":{"@type":"EntryPoint","urlTemplate":"https:\/\/puspokanita.art\/?s={search_term_string}"},"query-input":"required name=search_term_string"}],"inLanguage":"en-US"},{"@type":"ImageObject","@id":"https:\/\/puspokanita.art\/en\/festmeny\/spiritual-space-2022\/#primaryimage","inLanguage":"en-US","url":"https:\/\/puspokanita.art\/wp-content\/uploads\/2022\/12\/Spiritual-space_mixed-media_-encausticoil_50x50cm_2022-scaled.jpg","contentUrl":"https:\/\/puspokanita.art\/wp-content\/uploads\/2022\/12\/Spiritual-space_mixed-media_-encausticoil_50x50cm_2022-scaled.jpg","width":2560,"height":2550,"caption":"Spiritual Space (2022)"},{"@type":"WebPage","@id":"https:\/\/puspokanita.art\/en\/festmeny\/spiritual-space-2022\/#webpage","url":"https:\/\/puspokanita.art\/en\/festmeny\/spiritual-space-2022\/","name":"Spiritual Space (2022) - P\u00fcsp\u00f6k Anita fest\u0151m\u0171v\u00e9sz","isPartOf":{"@id":"https:\/\/puspokanita.art\/#website"},"primaryImageOfPage":{"@id":"https:\/\/puspokanita.art\/en\/festmeny\/spiritual-space-2022\/#primaryimage"},"datePublished":"2022-12-06T15:52:34+00:00","dateModified":"2022-12-31T23:00:12+00:00","breadcrumb":{"@id":"https:\/\/puspokanita.art\/en\/festmeny\/spiritual-space-2022\/#breadcrumb"},"inLanguage":"en-US","potentialAction":[{"@type":"ReadAction","target":["https:\/\/puspokanita.art\/en\/festmeny\/spiritual-space-2022\/"]}]},{"@type":"BreadcrumbList","@id":"https:\/\/puspokanita.art\/en\/festmeny\/spiritual-space-2022\/#breadcrumb","itemListElement":[{"@type":"ListItem","position":1,"name":"Kezd\u0151lap","item":"https:\/\/puspokanita.art\/"},{"@type":"ListItem","position":2,"name":"Festm\u00e9ny Web\u00e1ruh\u00e1z","item":"https:\/\/puspokanita.art\/festmeny-webaruhaz\/"},{"@type":"ListItem","position":3,"name":"Spiritual Space (2022)"}]}]}},"_links":{"self":[{"href":"https:\/\/puspokanita.art\/en\/wp-json\/wp\/v2\/product\/11508","targetHints":{"allow":["GET"]}}],"collection":[{"href":"https:\/\/puspokanita.art\/en\/wp-json\/wp\/v2\/product"}],"about":[{"href":"https:\/\/puspokanita.art\/en\/wp-json\/wp\/v2\/types\/product"}],"version-history":[{"count":0,"href":"https:\/\/puspokanita.art\/en\/wp-json\/wp\/v2\/product\/11508\/revisions"}],"wp:featuredmedia":[{"embeddable":true,"href":"https:\/\/puspokanita.art\/en\/wp-json\/wp\/v2\/media\/11164"}],"wp:attachment":[{"href":"https:\/\/puspokanita.art\/en\/wp-json\/wp\/v2\/media?parent=11508"}],"wp:term":[{"taxonomy":"product_cat","embeddable":true,"href":"https:\/\/puspokanita.art\/en\/wp-json\/wp\/v2\/product_cat?post=11508"},{"taxonomy":"product_tag","embeddable":true,"href":"https:\/\/puspokanita.art\/en\/wp-json\/wp\/v2\/product_tag?post=11508"}],"curies":[{"name":"wp","href":"https:\/\/api.w.org\/{rel}","templated":true}]}}