{"id":3912,"date":"2022-01-08T06:14:40","date_gmt":"2022-01-08T05:14:40","guid":{"rendered":"https:\/\/puspokanita.art\/?page_id=3912"},"modified":"2022-01-16T10:38:20","modified_gmt":"2022-01-16T09:38:20","slug":"protection-of-rights","status":"publish","type":"page","link":"https:\/\/puspokanita.art\/en\/protection-of-rights\/","title":{"rendered":"Protection of Rights"},"content":{"rendered":"\t\t<div data-elementor-type=\"wp-page\" data-elementor-id=\"3912\" class=\"elementor elementor-3912\">\n\t\t\t\t\t\t<section class=\"elementor-section elementor-top-section elementor-element elementor-element-2520b63c elementor-section-boxed elementor-section-height-default elementor-section-height-default\" data-id=\"2520b63c\" data-element_type=\"section\" data-settings=\"{&quot;_ha_eqh_enable&quot;:false}\">\n\t\t\t\t\t\t<div class=\"elementor-container elementor-column-gap-default\">\n\t\t\t\t\t<div class=\"elementor-column elementor-col-100 elementor-top-column elementor-element elementor-element-67fe4389\" data-id=\"67fe4389\" data-element_type=\"column\">\n\t\t\t<div class=\"elementor-widget-wrap elementor-element-populated\">\n\t\t\t\t\t\t<div class=\"elementor-element elementor-element-76223186 elementor-widget elementor-widget-text-editor\" data-id=\"76223186\" data-element_type=\"widget\" data-widget_type=\"text-editor.default\">\n\t\t\t\t<div class=\"elementor-widget-container\">\n\t\t\t<style>\/*! elementor - v3.23.0 - 05-08-2024 *\/\n.elementor-widget-text-editor.elementor-drop-cap-view-stacked .elementor-drop-cap{background-color:#69727d;color:#fff}.elementor-widget-text-editor.elementor-drop-cap-view-framed .elementor-drop-cap{color:#69727d;border:3px solid;background-color:transparent}.elementor-widget-text-editor:not(.elementor-drop-cap-view-default) .elementor-drop-cap{margin-top:8px}.elementor-widget-text-editor:not(.elementor-drop-cap-view-default) .elementor-drop-cap-letter{width:1em;height:1em}.elementor-widget-text-editor .elementor-drop-cap{float:left;text-align:center;line-height:1;font-size:50px}.elementor-widget-text-editor .elementor-drop-cap-letter{display:inline-block}<\/style>\t\t\t\t<p><\/p>\n<h2>\u00a0<\/h2>\n<h2>The pages of <span style=\"color: #08539e;\">puspokanita.art<\/span> terms of use and its legal regulation<\/h2>\n<p>Browsing of the websites of <strong>puspokanita.art<\/strong> constitutes an implied acceptance by the user of the following terms and conditions.<\/p>\n<p>P<strong>uspokanita.art<\/strong> grant you the rights to use the content displayed on this server\u00a0 (the &#8220;Server&#8221;) only if the user acknowledges that:<\/p>\n<ol>\n<li>The pages on this server are for information purposes only.<\/li>\n<li>The pages on this server may not be modified, reproduced or used for commercial purposes by the user.<\/li>\n<li>Any unauthorized use will result in copyright, criminal and civil consequences.<\/li>\n<\/ol>\n<p>The elements of this site are separately protected by copyright and other laws, according to which the elements of the site may not be copied in whole or in part. No logo, graphic, sound or image of this site may be reproduced or transmitted without the prior written permission of Anita P\u00fcsp\u00f6k. The domain name <strong>puspokanita.art<\/strong> is protected by copyright and may only be used with the prior written consent of Anita P\u00fcsp\u00f6k.<\/p>\n<p>The original content of the website or any component of its pages (text, image, sound, video, animation, etc.) is protected by copyright and may only be used with prior written permission.<\/p>\n<p>You do not need permission to summon. However, the subpoena must comply with the paragraphs of the applicable laws. In case of citation &#8211; with a source &#8211; please point (place a link) to the appropriate page of the website.<\/p>\n<p>The images on the website are protected by copyright and their use is subject to permission. The images on the website may not be saved or used for commercial purposes without prior permission.<\/p>\n<p>Without the written permission of Anita P\u00fcsp\u00f6k, the content of this website may not be saved in an open or closed database, nor may its content be used or distributed for commercial purposes. The content and form components of the website may not be altered or used for purposes other than the content of the website without permission. No part of this site may be reproduced in any form or by any means, for any purpose, without the prior permission of Anita P\u00fcsp\u00f6k.<\/p>\n<p>Anita P\u00fcsp\u00f6k reserves the right to modify, revise or limit the availability of this website at any time. The operator of the website does not guarantee the continuity or error-free access to the websites. <strong>Puspokanita.art<\/strong> disclaims any responsibility for the content or reliability of the websites linked to the website. <strong>Puspokanita.art<\/strong> assumes no responsibility for the suitability for any purpose of the information, graphics, images or software contained on the pages published on this server. All documents, graphics, illustrations, images are provided &#8220;as is&#8221; without warranty of any kind and are subject to change without notice.<\/p>\n<p><\/p>\t\t\t\t\t\t<\/div>\n\t\t\t\t<\/div>\n\t\t\t\t\t<\/div>\n\t\t<\/div>\n\t\t\t\t\t<\/div>\n\t\t<\/section>\n\t\t\t\t<section class=\"elementor-section elementor-top-section elementor-element elementor-element-112fcd8 elementor-section-boxed elementor-section-height-default elementor-section-height-default\" data-id=\"112fcd8\" data-element_type=\"section\" data-settings=\"{&quot;_ha_eqh_enable&quot;:false}\">\n\t\t\t\t\t\t<div class=\"elementor-container elementor-column-gap-default\">\n\t\t\t\t\t<div class=\"elementor-column elementor-col-100 elementor-top-column elementor-element elementor-element-405bd90\" data-id=\"405bd90\" data-element_type=\"column\">\n\t\t\t<div class=\"elementor-widget-wrap elementor-element-populated\">\n\t\t\t\t\t\t<div class=\"elementor-element elementor-element-ee1de43 elementor-widget elementor-widget-text-editor\" data-id=\"ee1de43\" data-element_type=\"widget\" data-widget_type=\"text-editor.default\">\n\t\t\t\t<div class=\"elementor-widget-container\">\n\t\t\t\t\t\t\t<h6 style=\"text-align: center;\"><img decoding=\"async\" class=\" wp-image-3691 aligncenter\" src=\"https:\/\/puspokanita.art\/wp-content\/uploads\/2022\/01\/Puspok-Anita-logo-eng.png\" alt=\"\" width=\"226\" height=\"57\" srcset=\"https:\/\/puspokanita.art\/wp-content\/uploads\/2022\/01\/Puspok-Anita-logo-eng.png 534w, https:\/\/puspokanita.art\/wp-content\/uploads\/2022\/01\/Puspok-Anita-logo-eng-300x76.png 300w\" sizes=\"(max-width: 226px) 100vw, 226px\" \/> <a href=\"http:\/\/puspokanita.art\/en\/protection-of-rights\">PROTECTION OF RIGHTS<\/a> \u00a0\u00a0 \u00a0\u00a0 \u00a0 <a href=\"http:\/\/puspokanita.art\/en\/privacy-policy\">PRIVACY POLICY<\/a> <br><span style=\"color: #999999;\">P\u00dcSP\u00d6K ANITA \u00a9 2022 WWW.PUSPOKANITA.ART ALL RIGHTS RESERVED.<\/span><\/h6>\t\t\t\t\t\t<\/div>\n\t\t\t\t<\/div>\n\t\t\t\t\t<\/div>\n\t\t<\/div>\n\t\t\t\t\t<\/div>\n\t\t<\/section>\n\t\t\t\t<\/div>\n\t\t","protected":false},"excerpt":{"rendered":"<p>\u00a0 The pages of puspokanita.art terms of use and its legal regulation Browsing of the websites of puspokanita.art constitutes an implied acceptance by the user of the following terms and conditions. Puspokanita.art grant you the rights to use the content displayed on this server\u00a0 (the &#8220;Server&#8221;) only if the user acknowledges that: The pages on this server are for information purposes only. The pages on this server may not be modified, reproduced or used for commercial purposes by the user. [&hellip;]<\/p>\n","protected":false},"author":1,"featured_media":0,"parent":0,"menu_order":0,"comment_status":"closed","ping_status":"open","template":"","meta":{"_coblocks_attr":"","_coblocks_dimensions":"","_coblocks_responsive_height":"","_coblocks_accordion_ie_support":"","footnotes":""},"class_list":["post-3912","page","type-page","status-publish","hentry"],"yoast_head":"<!-- This site is optimized with the Yoast SEO plugin v17.9 - https:\/\/yoast.com\/wordpress\/plugins\/seo\/ -->\n<title>Protection of Rights - P\u00fcsp\u00f6k Anita fest\u0151m\u0171v\u00e9sz<\/title>\n<meta name=\"robots\" content=\"index, follow, max-snippet:-1, max-image-preview:large, max-video-preview:-1\" \/>\n<link rel=\"canonical\" href=\"https:\/\/puspokanita.art\/en\/protection-of-rights\/\" \/>\n<meta property=\"og:locale\" content=\"en_US\" \/>\n<meta property=\"og:type\" content=\"article\" \/>\n<meta property=\"og:title\" content=\"Protection of Rights - P\u00fcsp\u00f6k Anita fest\u0151m\u0171v\u00e9sz\" \/>\n<meta property=\"og:description\" content=\"\u00a0 The pages of puspokanita.art terms of use and its legal regulation Browsing of the websites of puspokanita.art constitutes an implied acceptance by the user of the following terms and conditions. Puspokanita.art grant you the rights to use the content displayed on this server\u00a0 (the &#8220;Server&#8221;) only if the user acknowledges that: The pages on this server are for information purposes only. The pages on this server may not be modified, reproduced or used for commercial purposes by the user. [&hellip;]\" \/>\n<meta property=\"og:url\" content=\"https:\/\/puspokanita.art\/en\/protection-of-rights\/\" \/>\n<meta property=\"og:site_name\" content=\"P\u00fcsp\u00f6k Anita fest\u0151m\u0171v\u00e9sz\" \/>\n<meta property=\"article:publisher\" content=\"https:\/\/www.facebook.com\/anitapuspokartist\/\" \/>\n<meta property=\"article:modified_time\" content=\"2022-01-16T09:38:20+00:00\" \/>\n<meta property=\"og:image\" content=\"https:\/\/puspokanita.art\/wp-content\/uploads\/2022\/01\/Puspok-Anita-logo-eng.png\" \/>\n<meta name=\"twitter:card\" content=\"summary_large_image\" \/>\n<meta name=\"twitter:label1\" content=\"Est. reading time\" \/>\n\t<meta name=\"twitter:data1\" content=\"3 minutes\" \/>\n<script type=\"application\/ld+json\" class=\"yoast-schema-graph\">{\"@context\":\"https:\/\/schema.org\",\"@graph\":[{\"@type\":\"WebSite\",\"@id\":\"https:\/\/puspokanita.art\/#website\",\"url\":\"https:\/\/puspokanita.art\/\",\"name\":\"P\\u00fcsp\\u00f6k Anita fest\\u0151m\\u0171v\\u00e9sz\",\"description\":\"P\\u00fcsp\\u00f6k Anita kort\\u00e1rs absztrakt festm\\u00e9nyek\",\"potentialAction\":[{\"@type\":\"SearchAction\",\"target\":{\"@type\":\"EntryPoint\",\"urlTemplate\":\"https:\/\/puspokanita.art\/?s={search_term_string}\"},\"query-input\":\"required name=search_term_string\"}],\"inLanguage\":\"en-US\"},{\"@type\":\"ImageObject\",\"@id\":\"https:\/\/puspokanita.art\/en\/protection-of-rights\/#primaryimage\",\"inLanguage\":\"en-US\",\"url\":\"https:\/\/puspokanita.art\/wp-content\/uploads\/2022\/01\/Puspok-Anita-logo-eng.png\",\"contentUrl\":\"https:\/\/puspokanita.art\/wp-content\/uploads\/2022\/01\/Puspok-Anita-logo-eng.png\",\"width\":534,\"height\":136},{\"@type\":\"WebPage\",\"@id\":\"https:\/\/puspokanita.art\/en\/protection-of-rights\/#webpage\",\"url\":\"https:\/\/puspokanita.art\/en\/protection-of-rights\/\",\"name\":\"Protection of Rights - P\\u00fcsp\\u00f6k Anita fest\\u0151m\\u0171v\\u00e9sz\",\"isPartOf\":{\"@id\":\"https:\/\/puspokanita.art\/#website\"},\"primaryImageOfPage\":{\"@id\":\"https:\/\/puspokanita.art\/en\/protection-of-rights\/#primaryimage\"},\"datePublished\":\"2022-01-08T05:14:40+00:00\",\"dateModified\":\"2022-01-16T09:38:20+00:00\",\"breadcrumb\":{\"@id\":\"https:\/\/puspokanita.art\/en\/protection-of-rights\/#breadcrumb\"},\"inLanguage\":\"en-US\",\"potentialAction\":[{\"@type\":\"ReadAction\",\"target\":[\"https:\/\/puspokanita.art\/en\/protection-of-rights\/\"]}]},{\"@type\":\"BreadcrumbList\",\"@id\":\"https:\/\/puspokanita.art\/en\/protection-of-rights\/#breadcrumb\",\"itemListElement\":[{\"@type\":\"ListItem\",\"position\":1,\"name\":\"Kezd\\u0151lap\",\"item\":\"https:\/\/puspokanita.art\/\"},{\"@type\":\"ListItem\",\"position\":2,\"name\":\"Protection of Rights\"}]}]}<\/script>\n<!-- \/ Yoast SEO plugin. -->","yoast_head_json":{"title":"Protection of Rights - P\u00fcsp\u00f6k Anita fest\u0151m\u0171v\u00e9sz","robots":{"index":"index","follow":"follow","max-snippet":"max-snippet:-1","max-image-preview":"max-image-preview:large","max-video-preview":"max-video-preview:-1"},"canonical":"https:\/\/puspokanita.art\/en\/protection-of-rights\/","og_locale":"en_US","og_type":"article","og_title":"Protection of Rights - P\u00fcsp\u00f6k Anita fest\u0151m\u0171v\u00e9sz","og_description":"\u00a0 The pages of puspokanita.art terms of use and its legal regulation Browsing of the websites of puspokanita.art constitutes an implied acceptance by the user of the following terms and conditions. Puspokanita.art grant you the rights to use the content displayed on this server\u00a0 (the &#8220;Server&#8221;) only if the user acknowledges that: The pages on this server are for information purposes only. The pages on this server may not be modified, reproduced or used for commercial purposes by the user. [&hellip;]","og_url":"https:\/\/puspokanita.art\/en\/protection-of-rights\/","og_site_name":"P\u00fcsp\u00f6k Anita fest\u0151m\u0171v\u00e9sz","article_publisher":"https:\/\/www.facebook.com\/anitapuspokartist\/","article_modified_time":"2022-01-16T09:38:20+00:00","og_image":[{"url":"https:\/\/puspokanita.art\/wp-content\/uploads\/2022\/01\/Puspok-Anita-logo-eng.png"}],"twitter_card":"summary_large_image","twitter_misc":{"Est. reading time":"3 minutes"},"schema":{"@context":"https:\/\/schema.org","@graph":[{"@type":"WebSite","@id":"https:\/\/puspokanita.art\/#website","url":"https:\/\/puspokanita.art\/","name":"P\u00fcsp\u00f6k Anita fest\u0151m\u0171v\u00e9sz","description":"P\u00fcsp\u00f6k Anita kort\u00e1rs absztrakt festm\u00e9nyek","potentialAction":[{"@type":"SearchAction","target":{"@type":"EntryPoint","urlTemplate":"https:\/\/puspokanita.art\/?s={search_term_string}"},"query-input":"required name=search_term_string"}],"inLanguage":"en-US"},{"@type":"ImageObject","@id":"https:\/\/puspokanita.art\/en\/protection-of-rights\/#primaryimage","inLanguage":"en-US","url":"https:\/\/puspokanita.art\/wp-content\/uploads\/2022\/01\/Puspok-Anita-logo-eng.png","contentUrl":"https:\/\/puspokanita.art\/wp-content\/uploads\/2022\/01\/Puspok-Anita-logo-eng.png","width":534,"height":136},{"@type":"WebPage","@id":"https:\/\/puspokanita.art\/en\/protection-of-rights\/#webpage","url":"https:\/\/puspokanita.art\/en\/protection-of-rights\/","name":"Protection of Rights - P\u00fcsp\u00f6k Anita fest\u0151m\u0171v\u00e9sz","isPartOf":{"@id":"https:\/\/puspokanita.art\/#website"},"primaryImageOfPage":{"@id":"https:\/\/puspokanita.art\/en\/protection-of-rights\/#primaryimage"},"datePublished":"2022-01-08T05:14:40+00:00","dateModified":"2022-01-16T09:38:20+00:00","breadcrumb":{"@id":"https:\/\/puspokanita.art\/en\/protection-of-rights\/#breadcrumb"},"inLanguage":"en-US","potentialAction":[{"@type":"ReadAction","target":["https:\/\/puspokanita.art\/en\/protection-of-rights\/"]}]},{"@type":"BreadcrumbList","@id":"https:\/\/puspokanita.art\/en\/protection-of-rights\/#breadcrumb","itemListElement":[{"@type":"ListItem","position":1,"name":"Kezd\u0151lap","item":"https:\/\/puspokanita.art\/"},{"@type":"ListItem","position":2,"name":"Protection of Rights"}]}]}},"_links":{"self":[{"href":"https:\/\/puspokanita.art\/en\/wp-json\/wp\/v2\/pages\/3912","targetHints":{"allow":["GET"]}}],"collection":[{"href":"https:\/\/puspokanita.art\/en\/wp-json\/wp\/v2\/pages"}],"about":[{"href":"https:\/\/puspokanita.art\/en\/wp-json\/wp\/v2\/types\/page"}],"author":[{"embeddable":true,"href":"https:\/\/puspokanita.art\/en\/wp-json\/wp\/v2\/users\/1"}],"replies":[{"embeddable":true,"href":"https:\/\/puspokanita.art\/en\/wp-json\/wp\/v2\/comments?post=3912"}],"version-history":[{"count":0,"href":"https:\/\/puspokanita.art\/en\/wp-json\/wp\/v2\/pages\/3912\/revisions"}],"wp:attachment":[{"href":"https:\/\/puspokanita.art\/en\/wp-json\/wp\/v2\/media?parent=3912"}],"curies":[{"name":"wp","href":"https:\/\/api.w.org\/{rel}","templated":true}]}}